{"id":13722,"date":"2025-04-08T19:55:30","date_gmt":"2025-04-08T19:55:30","guid":{"rendered":"https:\/\/ariastovar.com\/?page_id=13722"},"modified":"2025-11-18T18:42:19","modified_gmt":"2025-11-18T18:42:19","slug":"associations","status":"publish","type":"page","link":"https:\/\/ariastovar.com\/esp\/associations\/","title":{"rendered":"Asociaciones"},"content":{"rendered":"<div class=\"wpb-content-wrapper\"><div id=\"vc_row-69e0fe99ab08e\" class=\"vc_row wpb_row vc_row-fluid thegem-custom-69e0fe99ab0621839\"><div class=\"wpb_column vc_column_container vc_col-sm-12 thegem-custom-69e0fe99ab4e5870\" ><div class=\"vc_column-inner thegem-custom-inner-69e0fe99ab4ea\"><div class=\"wpb_wrapper thegem-custom-69e0fe99ab4e5870\"><\/div><\/div><\/div><\/div><div class=\"vc_row-full-width-before\"><\/div><div id=\"vc_row-69e0fe99accf6\" data-vc-full-width=\"true\" data-vc-full-width-init=\"false\" class=\"vc_row wpb_row vc_row-fluid vc_custom_1744202226158 thegem-custom-69e0fe99acca3166 vc_row-has-fill vc_row-o-equal-height vc_row-o-content-middle vc_row-flex\"><script type=\"text\/javascript\">if (typeof(gem_fix_fullwidth_position) == \"function\") { gem_fix_fullwidth_position(document.getElementById(\"vc_row-69e0fe99accf6\")); }<\/script>\n<style>\n#vc_row-69e0fe99accf6 .gem-divider {\n    margin-left: auto;\n    margin-right: auto;\n    border-width: 2px;\n    width: 50px;\n}\n<\/style>\n<div class=\"wpb_column vc_column_container vc_col-sm-12 thegem-custom-69e0fe99ad1a33856\" ><div class=\"vc_column-inner thegem-custom-inner-69e0fe99ad1a8\"><div class=\"wpb_wrapper thegem-custom-69e0fe99ad1a33856\"><div class=\"clearboth\"><\/div><style>#thegem-divider-69e0fe99ad358 {margin-top: 50px !important;}<\/style><div id=\"thegem-divider-69e0fe99ad358\" class=\"gem-divider\" style=\"\" ><\/div>\r\n\t\r\n\t\t<div class=\"wpb_text_column wpb_content_element  thegem-vc-text thegem-custom-69e0fe99ad6059761\"  >\r\n\t\t\t<div class=\"wpb_wrapper\">\r\n\t\t\t\t<h1 style=\"text-align: center;\"><span style=\"color: #ffe8a8;\">Asociaciones<\/span><\/h1>\n\r\n\t\t\t<\/div>\r\n\t\t\t<style>@media screen and (max-width: 1023px) {.thegem-vc-text.thegem-custom-69e0fe99ad6059761{display: block!important;}}@media screen and (max-width: 767px) {.thegem-vc-text.thegem-custom-69e0fe99ad6059761{display: block!important;}}@media screen and (max-width: 1023px) {.thegem-vc-text.thegem-custom-69e0fe99ad6059761{position: relative !important;}}@media screen and (max-width: 767px) {.thegem-vc-text.thegem-custom-69e0fe99ad6059761{position: relative !important;}}<\/style>\r\n\t\t<\/div>\r\n\t\r\n\r\n\t\r\n\t\t<div class=\"wpb_text_column wpb_content_element  vc_custom_1744202838115 thegem-vc-text thegem-custom-69e0fe99ad89c8096\"  >\r\n\t\t\t<div class=\"wpb_wrapper\">\r\n\t\t\t\t<p style=\"text-align: center;\"><span style=\"font-weight: 400; color: #ffffff;\">Somos miembros activos de la Asociaci\u00f3n Americana de Abogados de Inmigraci\u00f3n (AILA) y de otras organizaciones nacionales e internacionales, como las Asociaciones de Abogados de Nueva York y Luisiana, la Asociaci\u00f3n Americana de Abogados y Abogados de Distinci\u00f3n.<\/span><\/p>\n<p style=\"text-align: center;\"><span style=\"font-weight: 400; color: #ffffff;\">Durante muchos a\u00f1os hemos sido el representante de los Estados Unidos en la Red Internacional de Firmas de Abogados (IURISGAL), a trav\u00e9s de la cual podemos asistir a nuestros clientes en m\u00e1s de 50 pa\u00edses alrededor del mundo.<\/span><\/p>\n<p style=\"text-align: center;\"><span style=\"font-weight: 400; color: #ffffff;\">Utilizando nuestra red de alianzas estrat\u00e9gicas, tambi\u00e9n podemos determinar si nuestros clientes necesitan asesoramiento profesional en otras \u00e1reas como contabilidad, bienes ra\u00edces, marketing, marcas registradas, seguros, entre otras.<\/span><\/p>\n\r\n\t\t\t<\/div>\r\n\t\t\t<style>@media screen and (max-width: 1023px) {.thegem-vc-text.thegem-custom-69e0fe99ad89c8096{display: block!important;}}@media screen and (max-width: 767px) {.thegem-vc-text.thegem-custom-69e0fe99ad89c8096{display: block!important;}}@media screen and (max-width: 1023px) {.thegem-vc-text.thegem-custom-69e0fe99ad89c8096{position: relative !important;}}@media screen and (max-width: 767px) {.thegem-vc-text.thegem-custom-69e0fe99ad89c8096{position: relative !important;}}<\/style>\r\n\t\t<\/div>\r\n\t\r\n<div class=\"clearboth\"><\/div><style>#thegem-divider-69e0fe99ad9ec {margin-top: 100px !important;}<\/style><div id=\"thegem-divider-69e0fe99ad9ec\" class=\"gem-divider\" style=\"\" ><\/div><\/div><\/div><\/div><\/div><div class=\"vc_row-full-width vc_clearfix\"><\/div><div id=\"vc_row-69e0fe99adebd\" class=\"vc_row wpb_row vc_row-fluid vc_custom_1744202847356 thegem-custom-69e0fe99ade911925 vc_row-has-fill vc_row-o-equal-height vc_row-flex\"><div class=\"wpb_column vc_column_container vc_col-sm-3 vc_col-lg-3 vc_col-md-3 vc_col-xs-12 thegem-custom-69e0fe99ae24b2839 vc_col-has-fill disable-custom-paggings-tablet disable-custom-paggings-mobile gem-content-alignment-center\" ><div class=\"vc_column-inner thegem-custom-inner-69e0fe99ae24d vc_custom_1744150304941\"><div class=\"wpb_wrapper thegem-custom-69e0fe99ae24b2839\">\r\n\t\r\n\t<div  class=\"wpb_single_image wpb_content_element vc_align_center\" >\r\n\t\t\r\n\t\t<figure class=\"wpb_wrapper vc_figure\">\r\n\t\t\t<div class=\"vc_single_image-wrapper vc_box_shadow_3d  vc_box_border_grey\"><img class=\"vc_single_image-img\" src=\"https:\/\/ariastovar.com\/wp-content\/uploads\/2025\/04\/Association-01-1-200x200.png\" width=\"200\" height=\"200\" alt=\"AILA\" title=\"Association - AILA\" loading=\"lazy\" \/><\/div>\r\n\t\t<\/figure>\r\n\t<\/div>\r\n\t\r\n<\/div><\/div><\/div><div class=\"wpb_column vc_column_container vc_col-sm-9 vc_col-lg-9 vc_col-md-9 vc_col-xs-12 thegem-custom-69e0fe99b05ac4159\" ><div class=\"vc_column-inner thegem-custom-inner-69e0fe99b05b4 vc_custom_1744150352181\"><div class=\"wpb_wrapper thegem-custom-69e0fe99b05ac4159\">\r\n\t\r\n\t\t<div class=\"wpb_text_column wpb_content_element  vc_custom_1744202997201 thegem-vc-text thegem-custom-69e0fe99b08ce8923\"  >\r\n\t\t\t<div class=\"wpb_wrapper\">\r\n\t\t\t\t<h4><strong><span style=\"color: #cca276;\">AILA\u00a0<\/span><\/strong><span style=\"color: #99a9b5; font-size: 16px; font-family: 'Unna';\">American Immigration Lawyers Association<\/span><\/h4>\n\r\n\t\t\t<\/div>\r\n\t\t\t<style>@media screen and (max-width: 1023px) {.thegem-vc-text.thegem-custom-69e0fe99b08ce8923{display: block!important;}}@media screen and (max-width: 767px) {.thegem-vc-text.thegem-custom-69e0fe99b08ce8923{display: block!important;}}@media screen and (max-width: 1023px) {.thegem-vc-text.thegem-custom-69e0fe99b08ce8923{position: relative !important;}}@media screen and (max-width: 767px) {.thegem-vc-text.thegem-custom-69e0fe99b08ce8923{position: relative !important;}}<\/style>\r\n\t\t<\/div>\r\n\t\r\n\r\n\t\r\n\t\t<div class=\"wpb_text_column wpb_content_element  vc_custom_1744146399855 thegem-vc-text thegem-custom-69e0fe99b0b5d9454\"  >\r\n\t\t\t<div class=\"wpb_wrapper\">\r\n\t\t\t\t<p><span style=\"font-weight: 400;\">Fundada en 1946, AILA es la asociaci\u00f3n nacional de abogados de inmigraci\u00f3n establecida para promover la justicia, abogar por leyes y pol\u00edticas de inmigraci\u00f3n justas y razonables, mejorar la calidad del derecho y la pr\u00e1ctica de inmigraci\u00f3n y nacionalidad, y potenciar el desarrollo profesional de sus miembros.<\/span><\/p>\n\r\n\t\t\t<\/div>\r\n\t\t\t<style>@media screen and (max-width: 1023px) {.thegem-vc-text.thegem-custom-69e0fe99b0b5d9454{display: block!important;}}@media screen and (max-width: 767px) {.thegem-vc-text.thegem-custom-69e0fe99b0b5d9454{display: block!important;}}@media screen and (max-width: 1023px) {.thegem-vc-text.thegem-custom-69e0fe99b0b5d9454{position: relative !important;}}@media screen and (max-width: 767px) {.thegem-vc-text.thegem-custom-69e0fe99b0b5d9454{position: relative !important;}}<\/style>\r\n\t\t<\/div>\r\n\t\r\n<\/div><\/div><\/div><div class=\"wpb_column vc_column_container vc_col-sm-12 thegem-custom-69e0fe99b0f363703\" ><div class=\"vc_column-inner thegem-custom-inner-69e0fe99b0f39\"><div class=\"wpb_wrapper thegem-custom-69e0fe99b0f363703\"><div class=\"clearboth\"><\/div><style>#thegem-divider-69e0fe99b1084 {margin-top: 10px !important;}#thegem-divider-69e0fe99b1084 {margin-bottom: 10px !important;}<\/style><div id=\"thegem-divider-69e0fe99b1084\" class=\"gem-divider   gem-divider-style-3\" style=\"border-color: #E6E6E6;\" ><\/div><\/div><\/div><\/div><\/div><div id=\"vc_row-69e0fe99b14bb\" class=\"vc_row wpb_row vc_row-fluid vc_custom_1744150995651 thegem-custom-69e0fe99b14921485 vc_row-has-fill thegem-reverse-columns-mobile vc_row-flex\"><div class=\"wpb_column vc_column_container vc_col-sm-9 vc_col-lg-9 vc_col-md-9 vc_col-xs-12 thegem-custom-69e0fe99b17cd8765\" ><div class=\"vc_column-inner thegem-custom-inner-69e0fe99b17cf vc_custom_1744151268755\"><div class=\"wpb_wrapper thegem-custom-69e0fe99b17cd8765\">\r\n\t\r\n\t\t<div class=\"wpb_text_column wpb_content_element  vc_custom_1744203029712 thegem-vc-text thegem-custom-69e0fe99b1a2932\"  >\r\n\t\t\t<div class=\"wpb_wrapper\">\r\n\t\t\t\t<h4><span style=\"font-weight: 400; color: #cca276;\"><strong>ABBA<\/strong> <\/span><span style=\"color: #99a9b5; font-size: 16px;\">The American Bar Association <\/span><\/h4>\n\r\n\t\t\t<\/div>\r\n\t\t\t<style>@media screen and (max-width: 1023px) {.thegem-vc-text.thegem-custom-69e0fe99b1a2932{display: block!important;}}@media screen and (max-width: 767px) {.thegem-vc-text.thegem-custom-69e0fe99b1a2932{display: block!important;}}@media screen and (max-width: 1023px) {.thegem-vc-text.thegem-custom-69e0fe99b1a2932{position: relative !important;}}@media screen and (max-width: 767px) {.thegem-vc-text.thegem-custom-69e0fe99b1a2932{position: relative !important;}}<\/style>\r\n\t\t<\/div>\r\n\t\r\n\r\n\t\r\n\t\t<div class=\"wpb_text_column wpb_content_element  vc_custom_1744148407586 thegem-vc-text thegem-custom-69e0fe99b1cb97776\"  >\r\n\t\t\t<div class=\"wpb_wrapper\">\r\n\t\t\t\t<p><span style=\"font-weight: 400;\">La ABA es la mayor asociaci\u00f3n de abogados del mundo. Su misi\u00f3n es servir a la profesi\u00f3n legal y al p\u00fablico por igual, defendiendo la libertad y haciendo justicia como representante nacional de la profesi\u00f3n legal.<\/span><\/p>\n\r\n\t\t\t<\/div>\r\n\t\t\t<style>@media screen and (max-width: 1023px) {.thegem-vc-text.thegem-custom-69e0fe99b1cb97776{display: block!important;}}@media screen and (max-width: 767px) {.thegem-vc-text.thegem-custom-69e0fe99b1cb97776{display: block!important;}}@media screen and (max-width: 1023px) {.thegem-vc-text.thegem-custom-69e0fe99b1cb97776{position: relative !important;}}@media screen and (max-width: 767px) {.thegem-vc-text.thegem-custom-69e0fe99b1cb97776{position: relative !important;}}<\/style>\r\n\t\t<\/div>\r\n\t\r\n<\/div><\/div><\/div><div class=\"wpb_column vc_column_container vc_col-sm-3 vc_col-lg-3 vc_col-md-3 vc_col-xs-12 thegem-custom-69e0fe99b1fa69060 gem-content-alignment-center\" ><div class=\"vc_column-inner thegem-custom-inner-69e0fe99b1fa9\"><div class=\"wpb_wrapper thegem-custom-69e0fe99b1fa69060\">\r\n\t\r\n\t<div  class=\"wpb_single_image wpb_content_element vc_align_center\" >\r\n\t\t\r\n\t\t<figure class=\"wpb_wrapper vc_figure\">\r\n\t\t\t<div class=\"vc_single_image-wrapper vc_box_shadow_3d  vc_box_border_grey\"><img class=\"vc_single_image-img\" src=\"https:\/\/ariastovar.com\/wp-content\/uploads\/2025\/04\/Association-02-1-200x200.png\" width=\"200\" height=\"200\" alt=\"ABA\" title=\"Association-Aba\" loading=\"lazy\" \/><\/div>\r\n\t\t<\/figure>\r\n\t<\/div>\r\n\t\r\n<\/div><\/div><\/div><\/div><div id=\"vc_row-69e0fe99b3181\" class=\"vc_row wpb_row vc_row-fluid vc_custom_1744151008148 thegem-custom-69e0fe99b31553124 vc_row-has-fill vc_row-o-equal-height vc_row-flex\"><div class=\"wpb_column vc_column_container vc_col-sm-12 thegem-custom-69e0fe99b34c94226\" ><div class=\"vc_column-inner thegem-custom-inner-69e0fe99b34cd\"><div class=\"wpb_wrapper thegem-custom-69e0fe99b34c94226\"><div class=\"clearboth\"><\/div><style>#thegem-divider-69e0fe99b35c2 {margin-top: 10px !important;}#thegem-divider-69e0fe99b35c2 {margin-bottom: 10px !important;}<\/style><div id=\"thegem-divider-69e0fe99b35c2\" class=\"gem-divider   gem-divider-style-3\" style=\"border-color: #E6E6E6;\" ><\/div><\/div><\/div><\/div><div class=\"wpb_column vc_column_container vc_col-sm-3 vc_col-lg-3 vc_col-md-3 vc_col-xs-12 thegem-custom-69e0fe99b38189006 disable-custom-paggings-tablet disable-custom-paggings-mobile\" ><div class=\"vc_column-inner thegem-custom-inner-69e0fe99b381a vc_custom_1744151032175\"><div class=\"wpb_wrapper thegem-custom-69e0fe99b38189006\">\r\n\t\r\n\t<div  class=\"wpb_single_image wpb_content_element vc_align_center\" >\r\n\t\t\r\n\t\t<figure class=\"wpb_wrapper vc_figure\">\r\n\t\t\t<div class=\"vc_single_image-wrapper vc_box_shadow_3d  vc_box_border_grey\"><img class=\"vc_single_image-img\" src=\"https:\/\/ariastovar.com\/wp-content\/uploads\/2025\/04\/Association-03-1-200x200.png\" width=\"200\" height=\"200\" alt=\"NYSBA\" title=\"Association - NYSBA\" loading=\"lazy\" \/><\/div>\r\n\t\t<\/figure>\r\n\t<\/div>\r\n\t\r\n<\/div><\/div><\/div><div class=\"wpb_column vc_column_container vc_col-sm-9 vc_col-lg-9 vc_col-md-9 vc_col-xs-12 thegem-custom-69e0fe99b6bfb8260\" ><div class=\"vc_column-inner thegem-custom-inner-69e0fe99b6c01 vc_custom_1744151252725\"><div class=\"wpb_wrapper thegem-custom-69e0fe99b6bfb8260\">\r\n\t\r\n\t\t<div class=\"wpb_text_column wpb_content_element  vc_custom_1744203045864 thegem-vc-text thegem-custom-69e0fe99b6f5f1303\"  >\r\n\t\t\t<div class=\"wpb_wrapper\">\r\n\t\t\t\t<h4><span style=\"font-weight: 400; color: #cca276;\"><strong>NYSBA<\/strong> <\/span><span style=\"color: #99a9b5; font-size: 16px;\">New York State Bar Association<\/span><\/h4>\n\r\n\t\t\t<\/div>\r\n\t\t\t<style>@media screen and (max-width: 1023px) {.thegem-vc-text.thegem-custom-69e0fe99b6f5f1303{display: block!important;}}@media screen and (max-width: 767px) {.thegem-vc-text.thegem-custom-69e0fe99b6f5f1303{display: block!important;}}@media screen and (max-width: 1023px) {.thegem-vc-text.thegem-custom-69e0fe99b6f5f1303{position: relative !important;}}@media screen and (max-width: 767px) {.thegem-vc-text.thegem-custom-69e0fe99b6f5f1303{position: relative !important;}}<\/style>\r\n\t\t<\/div>\r\n\t\r\n\r\n\t\r\n\t\t<div class=\"wpb_text_column wpb_content_element  vc_custom_1744150191028 thegem-vc-text thegem-custom-69e0fe99b71e96584\"  >\r\n\t\t\t<div class=\"wpb_wrapper\">\r\n\t\t\t\t<p><span style=\"font-weight: 400;\">La Asociaci\u00f3n de Abogados del Estado de Nueva York (NYSBA) ha sido la voz de la profesi\u00f3n legal en Nueva York durante m\u00e1s de 140 a\u00f1os<\/span><\/p>\n<p><span style=\"font-weight: 400;\">Esta Asociaci\u00f3n es un distintivo de conocimiento y experiencia en el campo del derecho para promover el bien p\u00fablico, ya que como organizaci\u00f3n abogan por la legislaci\u00f3n estatal y federal, y trabajan incansablemente para promover el acceso igualitario a la justicia para todos.<\/span><\/p>\n\r\n\t\t\t<\/div>\r\n\t\t\t<style>@media screen and (max-width: 1023px) {.thegem-vc-text.thegem-custom-69e0fe99b71e96584{display: block!important;}}@media screen and (max-width: 767px) {.thegem-vc-text.thegem-custom-69e0fe99b71e96584{display: block!important;}}@media screen and (max-width: 1023px) {.thegem-vc-text.thegem-custom-69e0fe99b71e96584{position: relative !important;}}@media screen and (max-width: 767px) {.thegem-vc-text.thegem-custom-69e0fe99b71e96584{position: relative !important;}}<\/style>\r\n\t\t<\/div>\r\n\t\r\n<\/div><\/div><\/div><div class=\"wpb_column vc_column_container vc_col-sm-12 thegem-custom-69e0fe99b75ab2586\" ><div class=\"vc_column-inner thegem-custom-inner-69e0fe99b75ae\"><div class=\"wpb_wrapper thegem-custom-69e0fe99b75ab2586\"><div class=\"clearboth\"><\/div><style>#thegem-divider-69e0fe99b76fd {margin-top: 10px !important;}#thegem-divider-69e0fe99b76fd {margin-bottom: 10px !important;}<\/style><div id=\"thegem-divider-69e0fe99b76fd\" class=\"gem-divider   gem-divider-style-3\" style=\"border-color: #E6E6E6;\" ><\/div><\/div><\/div><\/div><\/div><div id=\"vc_row-69e0fe99b7b6d\" class=\"vc_row wpb_row vc_row-fluid vc_custom_1744150995651 thegem-custom-69e0fe99b7b422031 vc_row-has-fill thegem-reverse-columns-mobile vc_row-flex\"><div class=\"wpb_column vc_column_container vc_col-sm-9 vc_col-lg-9 vc_col-md-9 vc_col-xs-12 thegem-custom-69e0fe99b7eb45376\" ><div class=\"vc_column-inner thegem-custom-inner-69e0fe99b7eb7 vc_custom_1744151268755\"><div class=\"wpb_wrapper thegem-custom-69e0fe99b7eb45376\">\r\n\t\r\n\t\t<div class=\"wpb_text_column wpb_content_element  vc_custom_1744203058297 thegem-vc-text thegem-custom-69e0fe99b81278218\"  >\r\n\t\t\t<div class=\"wpb_wrapper\">\r\n\t\t\t\t<h4><span style=\"font-weight: 400; color: #cca276;\"><strong>LSBA<\/strong> <\/span><span style=\"color: #99a9b5; font-size: 16px;\">Louisiana State Bar Association <\/span><\/h4>\n\r\n\t\t\t<\/div>\r\n\t\t\t<style>@media screen and (max-width: 1023px) {.thegem-vc-text.thegem-custom-69e0fe99b81278218{display: block!important;}}@media screen and (max-width: 767px) {.thegem-vc-text.thegem-custom-69e0fe99b81278218{display: block!important;}}@media screen and (max-width: 1023px) {.thegem-vc-text.thegem-custom-69e0fe99b81278218{position: relative !important;}}@media screen and (max-width: 767px) {.thegem-vc-text.thegem-custom-69e0fe99b81278218{position: relative !important;}}<\/style>\r\n\t\t<\/div>\r\n\t\r\n\r\n\t\r\n\t\t<div class=\"wpb_text_column wpb_content_element  vc_custom_1763491786102 thegem-vc-text thegem-custom-69e0fe99b83d02078\"  >\r\n\t\t\t<div class=\"wpb_wrapper\">\r\n\t\t\t\t<p><span style=\"font-weight: 400;\">Louisiana State Bar Association (LSBA); the Louisiana State Bar Association is one of the oldest and most respected legal associations in the country. We are proud to be part of this organization, always with the projected vision of excellence at all levels.<\/span><\/p>\n\r\n\t\t\t<\/div>\r\n\t\t\t<style>@media screen and (max-width: 1023px) {.thegem-vc-text.thegem-custom-69e0fe99b83d02078{display: block!important;}}@media screen and (max-width: 767px) {.thegem-vc-text.thegem-custom-69e0fe99b83d02078{display: block!important;}}@media screen and (max-width: 1023px) {.thegem-vc-text.thegem-custom-69e0fe99b83d02078{position: relative !important;}}@media screen and (max-width: 767px) {.thegem-vc-text.thegem-custom-69e0fe99b83d02078{position: relative !important;}}<\/style>\r\n\t\t<\/div>\r\n\t\r\n<\/div><\/div><\/div><div class=\"wpb_column vc_column_container vc_col-sm-3 vc_col-lg-3 vc_col-md-3 vc_col-xs-12 thegem-custom-69e0fe99b9ed27314 gem-content-alignment-center\" ><div class=\"vc_column-inner thegem-custom-inner-69e0fe99b9edf\"><div class=\"wpb_wrapper thegem-custom-69e0fe99b9ed27314\">\r\n\t\r\n\t<div  class=\"wpb_single_image wpb_content_element vc_align_center\" >\r\n\t\t\r\n\t\t<figure class=\"wpb_wrapper vc_figure\">\r\n\t\t\t<div class=\"vc_single_image-wrapper vc_box_shadow_3d  vc_box_border_grey\"><img class=\"vc_single_image-img\" src=\"https:\/\/ariastovar.com\/wp-content\/uploads\/2025\/04\/Association-04-1-200x200.png\" width=\"200\" height=\"200\" alt=\"LSBA\" title=\"Association - LSBA\" loading=\"lazy\" \/><\/div>\r\n\t\t<\/figure>\r\n\t<\/div>\r\n\t\r\n<\/div><\/div><\/div><\/div><div id=\"vc_row-69e0fe99bbc0e\" class=\"vc_row wpb_row vc_row-fluid vc_custom_1744151749099 thegem-custom-69e0fe99bbbca1995 vc_row-has-fill vc_row-o-equal-height vc_row-flex\"><div class=\"wpb_column vc_column_container vc_col-sm-12 thegem-custom-69e0fe99bc38d4592\" ><div class=\"vc_column-inner thegem-custom-inner-69e0fe99bc392\"><div class=\"wpb_wrapper thegem-custom-69e0fe99bc38d4592\"><div class=\"clearboth\"><\/div><style>#thegem-divider-69e0fe99bc73e {margin-top: 10px !important;}#thegem-divider-69e0fe99bc73e {margin-bottom: 10px !important;}<\/style><div id=\"thegem-divider-69e0fe99bc73e\" class=\"gem-divider   gem-divider-style-3\" style=\"border-color: #E6E6E6;\" ><\/div><\/div><\/div><\/div><div class=\"wpb_column vc_column_container vc_col-sm-3 vc_col-lg-3 vc_col-md-3 vc_col-xs-12 thegem-custom-69e0fe99bcb142480 disable-custom-paggings-tablet disable-custom-paggings-mobile\" ><div class=\"vc_column-inner thegem-custom-inner-69e0fe99bcb17 vc_custom_1744151032175\"><div class=\"wpb_wrapper thegem-custom-69e0fe99bcb142480\">\r\n\t\r\n\t<div  class=\"wpb_single_image wpb_content_element vc_align_center\" >\r\n\t\t\r\n\t\t<figure class=\"wpb_wrapper vc_figure\">\r\n\t\t\t<div class=\"vc_single_image-wrapper vc_box_shadow_3d  vc_box_border_grey\"><img class=\"vc_single_image-img\" src=\"https:\/\/ariastovar.com\/wp-content\/uploads\/2025\/04\/Association-05-1-200x200.png\" width=\"200\" height=\"200\" alt=\"IURISGAL\" title=\"Association - IURISGAL\" loading=\"lazy\" \/><\/div>\r\n\t\t<\/figure>\r\n\t<\/div>\r\n\t\r\n<\/div><\/div><\/div><div class=\"wpb_column vc_column_container vc_col-sm-9 vc_col-lg-9 vc_col-md-9 vc_col-xs-12 thegem-custom-69e0fe99bf9272598\" ><div class=\"vc_column-inner thegem-custom-inner-69e0fe99bf92f vc_custom_1744151252725\"><div class=\"wpb_wrapper thegem-custom-69e0fe99bf9272598\">\r\n\t\r\n\t\t<div class=\"wpb_text_column wpb_content_element  vc_custom_1744203077913 thegem-vc-text thegem-custom-69e0fe99bfcb29738\"  >\r\n\t\t\t<div class=\"wpb_wrapper\">\r\n\t\t\t\t<h4><span style=\"font-weight: 400; color: #cca276;\"><strong>IURISGAL<\/strong> <\/span><span style=\"color: #99a9b5; font-size: 16px;\">International Network of Law Firms<\/span><\/h4>\n\r\n\t\t\t<\/div>\r\n\t\t\t<style>@media screen and (max-width: 1023px) {.thegem-vc-text.thegem-custom-69e0fe99bfcb29738{display: block!important;}}@media screen and (max-width: 767px) {.thegem-vc-text.thegem-custom-69e0fe99bfcb29738{display: block!important;}}@media screen and (max-width: 1023px) {.thegem-vc-text.thegem-custom-69e0fe99bfcb29738{position: relative !important;}}@media screen and (max-width: 767px) {.thegem-vc-text.thegem-custom-69e0fe99bfcb29738{position: relative !important;}}<\/style>\r\n\t\t<\/div>\r\n\t\r\n\r\n\t\r\n\t\t<div class=\"wpb_text_column wpb_content_element  vc_custom_1744151645688 thegem-vc-text thegem-custom-69e0fe99bff1a100\"  >\r\n\t\t\t<div class=\"wpb_wrapper\">\r\n\t\t\t\t<p><span style=\"font-weight: 400;\">International Network of Law Firms (IURISGAL): Durante a\u00f1os, en Arias Tovar nos hemos preocupado por mantener relaciones profesionales con otras firmas que nos ayudan a ofrecer servicios integrales a nuestros clientes. Una de ellas es IURISGAL, que nos certifica como una firma capaz de satisfacer sus necesidades de asesoramiento legal y cualquier otra consulta que pueda surgir en relaci\u00f3n con operaciones en el extranjero<\/span><\/p>\n<p><span style=\"font-weight: 400;\">Una de ellas es IURISGAL, que nos certifica como una firma capaz de satisfacer sus necesidades de asesoramiento legal y cualquier otra consulta que pueda surgir en relaci\u00f3n con operaciones internacionales.<\/span><\/p>\n\r\n\t\t\t<\/div>\r\n\t\t\t<style>@media screen and (max-width: 1023px) {.thegem-vc-text.thegem-custom-69e0fe99bff1a100{display: block!important;}}@media screen and (max-width: 767px) {.thegem-vc-text.thegem-custom-69e0fe99bff1a100{display: block!important;}}@media screen and (max-width: 1023px) {.thegem-vc-text.thegem-custom-69e0fe99bff1a100{position: relative !important;}}@media screen and (max-width: 767px) {.thegem-vc-text.thegem-custom-69e0fe99bff1a100{position: relative !important;}}<\/style>\r\n\t\t<\/div>\r\n\t\r\n<\/div><\/div><\/div><div class=\"wpb_column vc_column_container vc_col-sm-12 thegem-custom-69e0fe99c02c38952\" ><div class=\"vc_column-inner thegem-custom-inner-69e0fe99c02c6\"><div class=\"wpb_wrapper thegem-custom-69e0fe99c02c38952\"><div class=\"clearboth\"><\/div><style>#thegem-divider-69e0fe99c03f4 {margin-top: 10px !important;}#thegem-divider-69e0fe99c03f4 {margin-bottom: 10px !important;}<\/style><div id=\"thegem-divider-69e0fe99c03f4\" class=\"gem-divider\" style=\"border-color: #FFFFFF;\" ><\/div><\/div><\/div><\/div><\/div>\n<\/div>","protected":false},"excerpt":{"rendered":"","protected":false},"author":1,"featured_media":0,"parent":0,"menu_order":0,"comment_status":"closed","ping_status":"closed","template":"","meta":{"footnotes":""},"class_list":["post-13722","page","type-page","status-publish"],"_links":{"self":[{"href":"https:\/\/ariastovar.com\/esp\/wp-json\/wp\/v2\/pages\/13722","targetHints":{"allow":["GET"]}}],"collection":[{"href":"https:\/\/ariastovar.com\/esp\/wp-json\/wp\/v2\/pages"}],"about":[{"href":"https:\/\/ariastovar.com\/esp\/wp-json\/wp\/v2\/types\/page"}],"author":[{"embeddable":true,"href":"https:\/\/ariastovar.com\/esp\/wp-json\/wp\/v2\/users\/1"}],"replies":[{"embeddable":true,"href":"https:\/\/ariastovar.com\/esp\/wp-json\/wp\/v2\/comments?post=13722"}],"version-history":[{"count":57,"href":"https:\/\/ariastovar.com\/esp\/wp-json\/wp\/v2\/pages\/13722\/revisions"}],"predecessor-version":[{"id":14017,"href":"https:\/\/ariastovar.com\/esp\/wp-json\/wp\/v2\/pages\/13722\/revisions\/14017"}],"wp:attachment":[{"href":"https:\/\/ariastovar.com\/esp\/wp-json\/wp\/v2\/media?parent=13722"}],"curies":[{"name":"wp","href":"https:\/\/api.w.org\/{rel}","templated":true}]}}